{"id":1226,"date":"2023-11-27T12:32:46","date_gmt":"2023-11-27T12:32:46","guid":{"rendered":"https:\/\/new.rqrgastrobar.es\/?page_id=1226"},"modified":"2024-01-25T11:26:07","modified_gmt":"2024-01-25T10:26:07","slug":"reserva-erre","status":"publish","type":"page","link":"https:\/\/rqrgastrobar.es\/en\/reserva-erre\/","title":{"rendered":"Reserva erre"},"content":{"rendered":"<div data-elementor-type=\"wp-page\" data-elementor-id=\"1226\" class=\"elementor elementor-1226\" data-elementor-post-type=\"page\">\n\t\t\t\t\t\t\t<div class=\"elementor-element elementor-element-5d698349 e-flex e-con-boxed e-con e-parent\" data-id=\"5d698349\" data-element_type=\"container\" data-settings=\"{&quot;background_background&quot;:&quot;classic&quot;,&quot;container_type&quot;:&quot;flex&quot;,&quot;content_width&quot;:&quot;boxed&quot;}\" data-core-v316-plus=\"true\">\n\t\t\t\t\t<div class=\"e-con-inner\">\n\t\t<div class=\"elementor-element elementor-element-7d923b13 e-con-full e-flex e-con e-child\" data-id=\"7d923b13\" data-element_type=\"container\" data-settings=\"{&quot;content_width&quot;:&quot;full&quot;,&quot;container_type&quot;:&quot;flex&quot;}\">\n\t\t\t\t<div class=\"elementor-element elementor-element-702a9c41 elementor-widget elementor-widget-heading\" data-id=\"702a9c41\" data-element_type=\"widget\" data-widget_type=\"heading.default\">\n\t\t\t\t<div class=\"elementor-widget-container\">\n\t\t\t<style>\/*! elementor - v3.18.0 - 20-12-2023 *\/\n.elementor-heading-title{padding:0;margin:0;line-height:1}.elementor-widget-heading .elementor-heading-title[class*=elementor-size-]>a{color:inherit;font-size:inherit;line-height:inherit}.elementor-widget-heading .elementor-heading-title.elementor-size-small{font-size:15px}.elementor-widget-heading .elementor-heading-title.elementor-size-medium{font-size:19px}.elementor-widget-heading .elementor-heading-title.elementor-size-large{font-size:29px}.elementor-widget-heading .elementor-heading-title.elementor-size-xl{font-size:39px}.elementor-widget-heading .elementor-heading-title.elementor-size-xxl{font-size:59px}<\/style><h1 class=\"elementor-heading-title elementor-size-default\">Reserva<br>RQR Gastrobar<\/h1>\t\t<\/div>\n\t\t\t\t<\/div>\n\t\t\t\t<div class=\"elementor-element elementor-element-c0703af elementor-widget-divider--view-line elementor-widget elementor-widget-divider\" data-id=\"c0703af\" data-element_type=\"widget\" data-widget_type=\"divider.default\">\n\t\t\t\t<div class=\"elementor-widget-container\">\n\t\t\t<style>\/*! elementor - v3.18.0 - 20-12-2023 *\/\n.elementor-widget-divider{--divider-border-style:none;--divider-border-width:1px;--divider-color:#0c0d0e;--divider-icon-size:20px;--divider-element-spacing:10px;--divider-pattern-height:24px;--divider-pattern-size:20px;--divider-pattern-url:none;--divider-pattern-repeat:repeat-x}.elementor-widget-divider .elementor-divider{display:flex}.elementor-widget-divider .elementor-divider__text{font-size:15px;line-height:1;max-width:95%}.elementor-widget-divider .elementor-divider__element{margin:0 var(--divider-element-spacing);flex-shrink:0}.elementor-widget-divider .elementor-icon{font-size:var(--divider-icon-size)}.elementor-widget-divider .elementor-divider-separator{display:flex;margin:0;direction:ltr}.elementor-widget-divider--view-line_icon .elementor-divider-separator,.elementor-widget-divider--view-line_text .elementor-divider-separator{align-items:center}.elementor-widget-divider--view-line_icon .elementor-divider-separator:after,.elementor-widget-divider--view-line_icon .elementor-divider-separator:before,.elementor-widget-divider--view-line_text .elementor-divider-separator:after,.elementor-widget-divider--view-line_text .elementor-divider-separator:before{display:block;content:\"\";border-bottom:0;flex-grow:1;border-top:var(--divider-border-width) var(--divider-border-style) var(--divider-color)}.elementor-widget-divider--element-align-left .elementor-divider .elementor-divider-separator>.elementor-divider__svg:first-of-type{flex-grow:0;flex-shrink:100}.elementor-widget-divider--element-align-left .elementor-divider-separator:before{content:none}.elementor-widget-divider--element-align-left .elementor-divider__element{margin-left:0}.elementor-widget-divider--element-align-right .elementor-divider .elementor-divider-separator>.elementor-divider__svg:last-of-type{flex-grow:0;flex-shrink:100}.elementor-widget-divider--element-align-right .elementor-divider-separator:after{content:none}.elementor-widget-divider--element-align-right .elementor-divider__element{margin-right:0}.elementor-widget-divider:not(.elementor-widget-divider--view-line_text):not(.elementor-widget-divider--view-line_icon) .elementor-divider-separator{border-top:var(--divider-border-width) var(--divider-border-style) var(--divider-color)}.elementor-widget-divider--separator-type-pattern{--divider-border-style:none}.elementor-widget-divider--separator-type-pattern.elementor-widget-divider--view-line .elementor-divider-separator,.elementor-widget-divider--separator-type-pattern:not(.elementor-widget-divider--view-line) .elementor-divider-separator:after,.elementor-widget-divider--separator-type-pattern:not(.elementor-widget-divider--view-line) .elementor-divider-separator:before,.elementor-widget-divider--separator-type-pattern:not([class*=elementor-widget-divider--view]) .elementor-divider-separator{width:100%;min-height:var(--divider-pattern-height);-webkit-mask-size:var(--divider-pattern-size) 100%;mask-size:var(--divider-pattern-size) 100%;-webkit-mask-repeat:var(--divider-pattern-repeat);mask-repeat:var(--divider-pattern-repeat);background-color:var(--divider-color);-webkit-mask-image:var(--divider-pattern-url);mask-image:var(--divider-pattern-url)}.elementor-widget-divider--no-spacing{--divider-pattern-size:auto}.elementor-widget-divider--bg-round{--divider-pattern-repeat:round}.rtl .elementor-widget-divider .elementor-divider__text{direction:rtl}.e-con-inner>.elementor-widget-divider,.e-con>.elementor-widget-divider{width:var(--container-widget-width,100%);--flex-grow:var(--container-widget-flex-grow)}<\/style>\t\t<div class=\"elementor-divider\">\n\t\t\t<span class=\"elementor-divider-separator\">\n\t\t\t\t\t\t<\/span>\n\t\t<\/div>\n\t\t\t\t<\/div>\n\t\t\t\t<\/div>\n\t\t\t\t<\/div>\n\t\t\t\t\t<\/div>\n\t\t\t\t<\/div>\n\t\t<div class=\"elementor-element elementor-element-9b28212 e-flex e-con-boxed e-con e-parent\" data-id=\"9b28212\" data-element_type=\"container\" data-settings=\"{&quot;container_type&quot;:&quot;flex&quot;,&quot;content_width&quot;:&quot;boxed&quot;}\" data-core-v316-plus=\"true\">\n\t\t\t\t\t<div class=\"e-con-inner\">\n\t\t\t\t<div class=\"elementor-element elementor-element-543ca72 elementor-widget elementor-widget-text-editor\" data-id=\"543ca72\" data-element_type=\"widget\" data-widget_type=\"text-editor.default\">\n\t\t\t\t<div class=\"elementor-widget-container\">\n\t\t\t<style>\/*! elementor - v3.18.0 - 20-12-2023 *\/\n.elementor-widget-text-editor.elementor-drop-cap-view-stacked .elementor-drop-cap{background-color:#69727d;color:#fff}.elementor-widget-text-editor.elementor-drop-cap-view-framed .elementor-drop-cap{color:#69727d;border:3px solid;background-color:transparent}.elementor-widget-text-editor:not(.elementor-drop-cap-view-default) .elementor-drop-cap{margin-top:8px}.elementor-widget-text-editor:not(.elementor-drop-cap-view-default) .elementor-drop-cap-letter{width:1em;height:1em}.elementor-widget-text-editor .elementor-drop-cap{float:left;text-align:center;line-height:1;font-size:50px}.elementor-widget-text-editor .elementor-drop-cap-letter{display:inline-block}<\/style>\t\t\t\t<p>Choose a <strong>day on the calendar<\/strong> on the left, depending on availability. Select number <strong>of People and Time<\/strong>, press the BOOK button <strong>RESERVAR<\/strong>Finally, <strong>complete the information in the form,<\/strong>*IMPORTANT* do not forget to write your email to receive the reservation confirmation. <strong>Check the<\/strong> de \u00abAcepto vuestra pol\u00edtica de Privacidad\u00bb y pulse en el bot\u00f3n de <strong>RESERVAR<\/strong>We will notify you when your reservation is accepted.<\/p>\t\t\t\t\t\t<\/div>\n\t\t\t\t<\/div>\n\t\t\t\t\t<\/div>\n\t\t\t\t<\/div>\n\t\t<div class=\"elementor-element elementor-element-1030042 e-flex e-con-boxed e-con e-parent\" data-id=\"1030042\" data-element_type=\"container\" data-settings=\"{&quot;background_background&quot;:&quot;classic&quot;,&quot;container_type&quot;:&quot;flex&quot;,&quot;content_width&quot;:&quot;boxed&quot;}\" data-core-v316-plus=\"true\">\n\t\t\t\t\t<div class=\"e-con-inner\">\n\t\t\t\t<div class=\"elementor-element elementor-element-2905d7d elementor-widget elementor-widget-html\" data-id=\"2905d7d\" data-element_type=\"widget\" data-widget_type=\"html.default\">\n\t\t\t\t<div class=\"elementor-widget-container\">\n\t\t\t<script type=\"text\/javascript\"                                                      src=\"https:\/\/www.covermanager.com\/js\/iframeResizer.min.js\"><\/script><iframe\r\n                                              id=\"restaurante-erre-que-erre\" title=\"BOOK A TABLE\"\r\n                                                                    src=\"https:\/\/www.covermanager.com\/reservation\/module_restaurant\/restaurante-erre-que-erre\/spanish\"\r\n                                                                    frameborder=\"0\" height=\"550\" width=\"100%\" onload=\"iFrameResize();\"><\/iframe>\t\t<\/div>\n\t\t\t\t<\/div>\n\t\t\t\t\t<\/div>\n\t\t\t\t<\/div>\n\t\t<div class=\"elementor-element elementor-element-1cb57c02 e-flex e-con-boxed e-con e-parent\" data-id=\"1cb57c02\" data-element_type=\"container\" data-settings=\"{&quot;background_background&quot;:&quot;classic&quot;,&quot;container_type&quot;:&quot;flex&quot;,&quot;content_width&quot;:&quot;boxed&quot;}\" data-core-v316-plus=\"true\">\n\t\t\t\t\t<div class=\"e-con-inner\">\n\t\t\t\t\t<\/div>\n\t\t\t\t<\/div>\n\t\t\t\t\t\t\t<\/div>","protected":false},"excerpt":{"rendered":"<p>ReservaRQR Gastrobar Escoge un d\u00eda en el calendario de la izquierda, seg\u00fan disponibilidad. Seleccione n\u00famero de Personas y Hora, pulse el bot\u00f3n RESERVAR. Por \u00faltimo complete los datos del formulario, *IMPORTANTE* no olvide escribir su email para recibir la confirmaci\u00f3n de reserva. Marque la casilla de \u00abAcepto vuestra pol\u00edtica de Privacidad\u00bb y pulse en el [&hellip;]<\/p>","protected":false},"author":1,"featured_media":0,"parent":0,"menu_order":0,"comment_status":"closed","ping_status":"closed","template":"","meta":{"site-sidebar-layout":"no-sidebar","site-content-layout":"page-builder","ast-site-content-layout":"full-width-container","site-content-style":"default","site-sidebar-style":"default","ast-global-header-display":"","ast-banner-title-visibility":"","ast-main-header-display":"","ast-hfb-above-header-display":"","ast-hfb-below-header-display":"","ast-hfb-mobile-header-display":"","site-post-title":"disabled","ast-breadcrumbs-content":"","ast-featured-img":"disabled","footer-sml-layout":"","theme-transparent-header-meta":"","adv-header-id-meta":"","stick-header-meta":"","header-above-stick-meta":"","header-main-stick-meta":"","header-below-stick-meta":"","astra-migrate-meta-layouts":"set","ast-page-background-enabled":"default","ast-page-background-meta":{"desktop":{"background-color":"","background-image":"","background-repeat":"repeat","background-position":"center center","background-size":"auto","background-attachment":"scroll","background-type":"","background-media":"","overlay-type":"","overlay-color":"","overlay-gradient":""},"tablet":{"background-color":"","background-image":"","background-repeat":"repeat","background-position":"center center","background-size":"auto","background-attachment":"scroll","background-type":"","background-media":"","overlay-type":"","overlay-color":"","overlay-gradient":""},"mobile":{"background-color":"","background-image":"","background-repeat":"repeat","background-position":"center center","background-size":"auto","background-attachment":"scroll","background-type":"","background-media":"","overlay-type":"","overlay-color":"","overlay-gradient":""}},"ast-content-background-meta":{"desktop":{"background-color":"var(--ast-global-color-5)","background-image":"","background-repeat":"repeat","background-position":"center center","background-size":"auto","background-attachment":"scroll","background-type":"","background-media":"","overlay-type":"","overlay-color":"","overlay-gradient":""},"tablet":{"background-color":"var(--ast-global-color-5)","background-image":"","background-repeat":"repeat","background-position":"center center","background-size":"auto","background-attachment":"scroll","background-type":"","background-media":"","overlay-type":"","overlay-color":"","overlay-gradient":""},"mobile":{"background-color":"var(--ast-global-color-5)","background-image":"","background-repeat":"repeat","background-position":"center center","background-size":"auto","background-attachment":"scroll","background-type":"","background-media":"","overlay-type":"","overlay-color":"","overlay-gradient":""}},"footnotes":""},"yoast_head":"<!-- This site is optimized with the Yoast SEO plugin v21.9 - https:\/\/yoast.com\/wordpress\/plugins\/seo\/ -->\n<title>Reserva erre - RQR Gastrobar | La Barra del Erre | Ibi<\/title>\n<meta name=\"robots\" content=\"index, follow, max-snippet:-1, max-image-preview:large, max-video-preview:-1\" \/>\n<link rel=\"canonical\" href=\"https:\/\/rqrgastrobar.es\/en\/reserva-erre\/\" \/>\n<meta property=\"og:locale\" content=\"en_US\" \/>\n<meta property=\"og:type\" content=\"article\" \/>\n<meta property=\"og:title\" content=\"Reserva erre - RQR Gastrobar | La Barra del Erre | Ibi\" \/>\n<meta property=\"og:description\" content=\"ReservaRQR Gastrobar Escoge un d\u00eda en el calendario de la izquierda, seg\u00fan disponibilidad. Seleccione n\u00famero de Personas y Hora, pulse el bot\u00f3n RESERVAR. Por \u00faltimo complete los datos del formulario, *IMPORTANTE* no olvide escribir su email para recibir la confirmaci\u00f3n de reserva. Marque la casilla de \u00abAcepto vuestra pol\u00edtica de Privacidad\u00bb y pulse en el [&hellip;]\" \/>\n<meta property=\"og:url\" content=\"https:\/\/rqrgastrobar.es\/en\/reserva-erre\/\" \/>\n<meta property=\"og:site_name\" content=\"RQR Gastrobar | La Barra del Erre | Ibi\" \/>\n<meta property=\"article:publisher\" content=\"https:\/\/www.facebook.com\/rqrgastrobar\/\" \/>\n<meta property=\"article:modified_time\" content=\"2024-01-25T10:26:07+00:00\" \/>\n<meta name=\"twitter:card\" content=\"summary_large_image\" \/>\n<script type=\"application\/ld+json\" class=\"yoast-schema-graph\">{\"@context\":\"https:\/\/schema.org\",\"@graph\":[{\"@type\":\"WebPage\",\"@id\":\"https:\/\/rqrgastrobar.es\/reserva-erre\/\",\"url\":\"https:\/\/rqrgastrobar.es\/reserva-erre\/\",\"name\":\"Reserva erre - RQR Gastrobar | La Barra del Erre | Ibi\",\"isPartOf\":{\"@id\":\"https:\/\/rqrgastrobar.es\/#website\"},\"datePublished\":\"2023-11-27T12:32:46+00:00\",\"dateModified\":\"2024-01-25T10:26:07+00:00\",\"breadcrumb\":{\"@id\":\"https:\/\/rqrgastrobar.es\/reserva-erre\/#breadcrumb\"},\"inLanguage\":\"en-US\",\"potentialAction\":[{\"@type\":\"ReadAction\",\"target\":[\"https:\/\/rqrgastrobar.es\/reserva-erre\/\"]}]},{\"@type\":\"BreadcrumbList\",\"@id\":\"https:\/\/rqrgastrobar.es\/reserva-erre\/#breadcrumb\",\"itemListElement\":[{\"@type\":\"ListItem\",\"position\":1,\"name\":\"Portada\",\"item\":\"https:\/\/rqrgastrobar.es\/\"},{\"@type\":\"ListItem\",\"position\":2,\"name\":\"Reserva erre\"}]},{\"@type\":\"WebSite\",\"@id\":\"https:\/\/rqrgastrobar.es\/#website\",\"url\":\"https:\/\/rqrgastrobar.es\/\",\"name\":\"RQR Gastrobar | La Barra del Erre | Ibi\",\"description\":\"Restaurante en Ibi con cocina de autor provincial\",\"publisher\":{\"@id\":\"https:\/\/rqrgastrobar.es\/#organization\"},\"alternateName\":\"Erre que Erre Gastrobar\",\"potentialAction\":[{\"@type\":\"SearchAction\",\"target\":{\"@type\":\"EntryPoint\",\"urlTemplate\":\"https:\/\/rqrgastrobar.es\/?s={search_term_string}\"},\"query-input\":\"required name=search_term_string\"}],\"inLanguage\":\"en-US\"},{\"@type\":\"Organization\",\"@id\":\"https:\/\/rqrgastrobar.es\/#organization\",\"name\":\"RQR Gastrobar | La Barra del Erre | Ibi\",\"alternateName\":\"Erre que Erre Gastrobar\",\"url\":\"https:\/\/rqrgastrobar.es\/\",\"logo\":{\"@type\":\"ImageObject\",\"inLanguage\":\"en-US\",\"@id\":\"https:\/\/rqrgastrobar.es\/#\/schema\/logo\/image\/\",\"url\":\"https:\/\/i0.wp.com\/rqrgastrobar.es\/wp-content\/uploads\/2023\/12\/cropped-logotipo.png?fit=664%2C211&ssl=1\",\"contentUrl\":\"https:\/\/i0.wp.com\/rqrgastrobar.es\/wp-content\/uploads\/2023\/12\/cropped-logotipo.png?fit=664%2C211&ssl=1\",\"width\":664,\"height\":211,\"caption\":\"RQR Gastrobar | La Barra del Erre | Ibi\"},\"image\":{\"@id\":\"https:\/\/rqrgastrobar.es\/#\/schema\/logo\/image\/\"},\"sameAs\":[\"https:\/\/www.facebook.com\/rqrgastrobar\/\",\"https:\/\/www.instagram.com\/rqrgastrobar\/\"]}]}<\/script>\n<!-- \/ Yoast SEO plugin. -->","yoast_head_json":{"title":"Reserva erre - RQR Gastrobar | La Barra del Erre | Ibi","robots":{"index":"index","follow":"follow","max-snippet":"max-snippet:-1","max-image-preview":"max-image-preview:large","max-video-preview":"max-video-preview:-1"},"canonical":"https:\/\/rqrgastrobar.es\/en\/reserva-erre\/","og_locale":"en_US","og_type":"article","og_title":"Reserva erre - RQR Gastrobar | La Barra del Erre | Ibi","og_description":"ReservaRQR Gastrobar Escoge un d\u00eda en el calendario de la izquierda, seg\u00fan disponibilidad. Seleccione n\u00famero de Personas y Hora, pulse el bot\u00f3n RESERVAR. Por \u00faltimo complete los datos del formulario, *IMPORTANTE* no olvide escribir su email para recibir la confirmaci\u00f3n de reserva. Marque la casilla de \u00abAcepto vuestra pol\u00edtica de Privacidad\u00bb y pulse en el [&hellip;]","og_url":"https:\/\/rqrgastrobar.es\/en\/reserva-erre\/","og_site_name":"RQR Gastrobar | La Barra del Erre | Ibi","article_publisher":"https:\/\/www.facebook.com\/rqrgastrobar\/","article_modified_time":"2024-01-25T10:26:07+00:00","twitter_card":"summary_large_image","schema":{"@context":"https:\/\/schema.org","@graph":[{"@type":"WebPage","@id":"https:\/\/rqrgastrobar.es\/reserva-erre\/","url":"https:\/\/rqrgastrobar.es\/reserva-erre\/","name":"Reserva erre - RQR Gastrobar | La Barra del Erre | Ibi","isPartOf":{"@id":"https:\/\/rqrgastrobar.es\/#website"},"datePublished":"2023-11-27T12:32:46+00:00","dateModified":"2024-01-25T10:26:07+00:00","breadcrumb":{"@id":"https:\/\/rqrgastrobar.es\/reserva-erre\/#breadcrumb"},"inLanguage":"en-US","potentialAction":[{"@type":"ReadAction","target":["https:\/\/rqrgastrobar.es\/reserva-erre\/"]}]},{"@type":"BreadcrumbList","@id":"https:\/\/rqrgastrobar.es\/reserva-erre\/#breadcrumb","itemListElement":[{"@type":"ListItem","position":1,"name":"Portada","item":"https:\/\/rqrgastrobar.es\/"},{"@type":"ListItem","position":2,"name":"Reserva erre"}]},{"@type":"WebSite","@id":"https:\/\/rqrgastrobar.es\/#website","url":"https:\/\/rqrgastrobar.es\/","name":"RQR Gastrobar | La Barra del Erre | Ibi","description":"Restaurante en Ibi con cocina de autor provincial","publisher":{"@id":"https:\/\/rqrgastrobar.es\/#organization"},"alternateName":"Erre que Erre Gastrobar","potentialAction":[{"@type":"SearchAction","target":{"@type":"EntryPoint","urlTemplate":"https:\/\/rqrgastrobar.es\/?s={search_term_string}"},"query-input":"required name=search_term_string"}],"inLanguage":"en-US"},{"@type":"Organization","@id":"https:\/\/rqrgastrobar.es\/#organization","name":"RQR Gastrobar | La Barra del Erre | Ibi","alternateName":"Erre que Erre Gastrobar","url":"https:\/\/rqrgastrobar.es\/","logo":{"@type":"ImageObject","inLanguage":"en-US","@id":"https:\/\/rqrgastrobar.es\/#\/schema\/logo\/image\/","url":"https:\/\/i0.wp.com\/rqrgastrobar.es\/wp-content\/uploads\/2023\/12\/cropped-logotipo.png?fit=664%2C211&ssl=1","contentUrl":"https:\/\/i0.wp.com\/rqrgastrobar.es\/wp-content\/uploads\/2023\/12\/cropped-logotipo.png?fit=664%2C211&ssl=1","width":664,"height":211,"caption":"RQR Gastrobar | La Barra del Erre | Ibi"},"image":{"@id":"https:\/\/rqrgastrobar.es\/#\/schema\/logo\/image\/"},"sameAs":["https:\/\/www.facebook.com\/rqrgastrobar\/","https:\/\/www.instagram.com\/rqrgastrobar\/"]}]}},"_links":{"self":[{"href":"https:\/\/rqrgastrobar.es\/en\/wp-json\/wp\/v2\/pages\/1226"}],"collection":[{"href":"https:\/\/rqrgastrobar.es\/en\/wp-json\/wp\/v2\/pages"}],"about":[{"href":"https:\/\/rqrgastrobar.es\/en\/wp-json\/wp\/v2\/types\/page"}],"author":[{"embeddable":true,"href":"https:\/\/rqrgastrobar.es\/en\/wp-json\/wp\/v2\/users\/1"}],"replies":[{"embeddable":true,"href":"https:\/\/rqrgastrobar.es\/en\/wp-json\/wp\/v2\/comments?post=1226"}],"version-history":[{"count":8,"href":"https:\/\/rqrgastrobar.es\/en\/wp-json\/wp\/v2\/pages\/1226\/revisions"}],"predecessor-version":[{"id":1580,"href":"https:\/\/rqrgastrobar.es\/en\/wp-json\/wp\/v2\/pages\/1226\/revisions\/1580"}],"wp:attachment":[{"href":"https:\/\/rqrgastrobar.es\/en\/wp-json\/wp\/v2\/media?parent=1226"}],"curies":[{"name":"wp","href":"https:\/\/api.w.org\/{rel}","templated":true}]}}