{"id":1375,"date":"2023-11-29T11:44:55","date_gmt":"2023-11-29T10:44:55","guid":{"rendered":"https:\/\/new.rqrgastrobar.es\/?page_id=1375"},"modified":"2023-11-29T11:49:28","modified_gmt":"2023-11-29T10:49:28","slug":"cookies","status":"publish","type":"page","link":"https:\/\/rqrgastrobar.es\/en\/cookies\/","title":{"rendered":"cookies"},"content":{"rendered":"<p class=\"has-ast-global-color-2-color has-text-color has-link-color wp-elements-a4fcc17b9636e25d025754bfc9a802b3\"><strong>POL\u00cdTICA DE COOKIES<\/strong><\/p>\n\n\n\n<p class=\"has-ast-global-color-2-color has-text-color has-link-color wp-elements-dd0daca9f5c7c0cd7401f726a85b3f2a\">RQR Gastrobar por su propia cuenta o la de un tercero contratado para prestaci\u00f3n de servicios de medici\u00f3n, pueden utilizar cookies cuando el usuario navega por el sitio web. Las cookies son ficheros enviados al navegador por medio de un servicio web con la finalidad de registrar las actividades del usuario durante su tiempo de navegaci\u00f3n.<br>Las cookies utilizadas se asocian \u00fanicamente con un usuario an\u00f3nimo y su ordenador, y no proporcionan por s\u00ed mismas los datos personales del usuario.<br>Mediante el uso de las cookies resulta posible que el servidor donde se encuentra la web reconozca el navegador web utilizado por el usuario con la finalidad de que la navegaci\u00f3n sea m\u00e1s sencilla. Se utilizan tambi\u00e9n para medir la audiencia y par\u00e1metros del tr\u00e1fico, controlar el proceso y n\u00famero de entradas.<br>El usuario tiene la posibilidad de configurar su navegador para ser avisado de la recepci\u00f3n de cookies y para impedir su instalaci\u00f3n en su equipo. M\u00e1s abajo facilitamos la informaci\u00f3n para dicha configuraci\u00f3n.<br>Para utilizar el sitio web no es necesario que el usuario permita la instalaci\u00f3n de las cookies enviadas al sitio web, o el tercero que act\u00fae en su nombre, sin perjuicio de que sea necesario que el usuario inicie una sesi\u00f3n tal en cada uno de los servicios cuya prestaci\u00f3n requiera el previo registro.<br>En todo caso las cookies tienen un car\u00e1cter temporal con la \u00fanica finalidad de hacer m\u00e1s eficaz su transmisi\u00f3n ulterior. En ning\u00fan caso se utilizar\u00e1 cookies para recoger informaci\u00f3n de car\u00e1cter personal.<\/p>\n\n\n\n<p class=\"has-ast-global-color-2-color has-text-color has-link-color wp-elements-19752d5935c08ebcad69de785a56efb1\"><strong>Desactivaci\u00f3n o eliminaci\u00f3n de cookies<\/strong><\/p>\n\n\n\n<p class=\"has-ast-global-color-2-color has-text-color has-link-color wp-elements-a4f45d9ed274a443860ebeef1fe7ebd4\">En cualquier momento podr\u00e1 ejercer su derecho de desactivaci\u00f3n o eliminaci\u00f3n de cookies de este sitio web. Estas acciones se realizan de forma diferente en funci\u00f3n del navegador que est\u00e9 usando.&nbsp;<a href=\"https:\/\/web.archive.org\/web\/20210125160618\/https:\/sipeinformatica.com\/mas-informacion-sobre-las-cookies\/#navegadores\">Aqu\u00ed le dejamos una gu\u00eda r\u00e1pida para los navegadores m\u00e1s populares<\/a>.<\/p>\n\n\n\n<p class=\"has-ast-global-color-2-color has-text-color has-link-color wp-elements-f00f1c9f0fd96550199ba7286f0a16d0\"><strong>Notas adicionales<\/strong><\/p>\n\n\n\n<ul>\n<li>Ni esta web ni sus representantes legales se hacen responsables ni del contenido ni de la veracidad de las pol\u00edticas de privacidad que puedan tener los terceros mencionados en esta pol\u00edtica de&nbsp;<em>cookies<\/em>.<\/li>\n\n\n\n<li>Los navegadores web son las herramientas encargadas de almacenar las&nbsp;<em>cookies<\/em>&nbsp;y desde este lugar debe efectuar su derecho a eliminaci\u00f3n o desactivaci\u00f3n de las mismas. Ni esta web ni sus representantes legales pueden garantizar la correcta o incorrecta manipulaci\u00f3n de las&nbsp;<em>cookies<\/em>&nbsp;por parte de los mencionados navegadores.<\/li>\n\n\n\n<li>En algunos casos es necesario instalar&nbsp;<em>cookies<\/em>&nbsp;para que el navegador no olvide su decisi\u00f3n de no aceptaci\u00f3n de las mismas.<\/li>\n\n\n\n<li>En el caso de las&nbsp;<em>cookies<\/em>&nbsp;de Google Analytics, esta empresa almacena las&nbsp;<em>cookies<\/em>&nbsp;en servidores ubicados en Estados Unidos y se compromete a no compartirla con terceros, excepto en los casos en los que sea necesario para el funcionamiento del sistema o cuando la ley obligue a tal efecto. Seg\u00fan Google no guarda su direcci\u00f3n IP. Google Inc. es una compa\u00f1\u00eda adherida al Acuerdo de Puerto Seguro que garantiza que todos los datos transferidos ser\u00e1n tratados con un nivel de protecci\u00f3n acorde a la normativa europea. Si desea informaci\u00f3n sobre el uso que Google da a las cookies&nbsp;<a href=\"https:\/\/web.archive.org\/web\/20210125160618\/https:\/developers.google.com\/analytics\/devguides\/collection\/analyticsjs\/cookie-usage?hl=es&amp;csw=1\" target=\"_blank\" rel=\"noreferrer noopener\">le adjuntamos este otro enlace<\/a>.<\/li>\n\n\n\n<li>Para cualquier duda o consulta acerca de esta pol\u00edtica de&nbsp;<em>cookies<\/em>&nbsp;no dude en comunicarse con nosotros a trav\u00e9s de la secci\u00f3n de contacto.<\/li>\n<\/ul>","protected":false},"excerpt":{"rendered":"<p>POL\u00cdTICA DE COOKIES RQR Gastrobar por su propia cuenta o la de un tercero contratado para prestaci\u00f3n de servicios de medici\u00f3n, pueden utilizar cookies cuando el usuario navega por el sitio web. Las cookies son ficheros enviados al navegador por medio de un servicio web con la finalidad de registrar las actividades del usuario durante [&hellip;]<\/p>","protected":false},"author":1,"featured_media":0,"parent":0,"menu_order":0,"comment_status":"closed","ping_status":"closed","template":"","meta":{"site-sidebar-layout":"default","site-content-layout":"","ast-site-content-layout":"default","site-content-style":"default","site-sidebar-style":"default","ast-global-header-display":"","ast-banner-title-visibility":"","ast-main-header-display":"","ast-hfb-above-header-display":"","ast-hfb-below-header-display":"","ast-hfb-mobile-header-display":"","site-post-title":"","ast-breadcrumbs-content":"","ast-featured-img":"","footer-sml-layout":"","theme-transparent-header-meta":"","adv-header-id-meta":"","stick-header-meta":"","header-above-stick-meta":"","header-main-stick-meta":"","header-below-stick-meta":"","astra-migrate-meta-layouts":"set","ast-page-background-enabled":"default","ast-page-background-meta":{"desktop":{"background-color":"","background-image":"","background-repeat":"repeat","background-position":"center center","background-size":"auto","background-attachment":"scroll","background-type":"","background-media":"","overlay-type":"","overlay-color":"","overlay-gradient":""},"tablet":{"background-color":"","background-image":"","background-repeat":"repeat","background-position":"center center","background-size":"auto","background-attachment":"scroll","background-type":"","background-media":"","overlay-type":"","overlay-color":"","overlay-gradient":""},"mobile":{"background-color":"","background-image":"","background-repeat":"repeat","background-position":"center center","background-size":"auto","background-attachment":"scroll","background-type":"","background-media":"","overlay-type":"","overlay-color":"","overlay-gradient":""}},"ast-content-background-meta":{"desktop":{"background-color":"var(--ast-global-color-5)","background-image":"","background-repeat":"repeat","background-position":"center center","background-size":"auto","background-attachment":"scroll","background-type":"","background-media":"","overlay-type":"","overlay-color":"","overlay-gradient":""},"tablet":{"background-color":"var(--ast-global-color-5)","background-image":"","background-repeat":"repeat","background-position":"center center","background-size":"auto","background-attachment":"scroll","background-type":"","background-media":"","overlay-type":"","overlay-color":"","overlay-gradient":""},"mobile":{"background-color":"var(--ast-global-color-5)","background-image":"","background-repeat":"repeat","background-position":"center center","background-size":"auto","background-attachment":"scroll","background-type":"","background-media":"","overlay-type":"","overlay-color":"","overlay-gradient":""}},"footnotes":""},"yoast_head":"<!-- This site is optimized with the Yoast SEO plugin v21.9 - https:\/\/yoast.com\/wordpress\/plugins\/seo\/ -->\n<title>cookies - RQR Restaurant | La Quarantamaula Events | Ibi<\/title>\n<meta name=\"robots\" content=\"index, follow, max-snippet:-1, max-image-preview:large, max-video-preview:-1\" \/>\n<link rel=\"canonical\" href=\"https:\/\/rqrgastrobar.es\/en\/cookies\/\" \/>\n<meta property=\"og:locale\" content=\"en_US\" \/>\n<meta property=\"og:type\" content=\"article\" \/>\n<meta property=\"og:title\" content=\"cookies - RQR Restaurant | La Quarantamaula Events | Ibi\" \/>\n<meta property=\"og:description\" content=\"POL\u00cdTICA DE COOKIES RQR Gastrobar por su propia cuenta o la de un tercero contratado para prestaci\u00f3n de servicios de medici\u00f3n, pueden utilizar cookies cuando el usuario navega por el sitio web. Las cookies son ficheros enviados al navegador por medio de un servicio web con la finalidad de registrar las actividades del usuario durante [&hellip;]\" \/>\n<meta property=\"og:url\" content=\"https:\/\/rqrgastrobar.es\/en\/cookies\/\" \/>\n<meta property=\"og:site_name\" content=\"RQR Restaurant | La Quarantamaula Events | Ibi\" \/>\n<meta property=\"article:publisher\" content=\"https:\/\/www.facebook.com\/rqrgastrobar\/\" \/>\n<meta property=\"article:modified_time\" content=\"2023-11-29T10:49:28+00:00\" \/>\n<meta name=\"twitter:card\" content=\"summary_large_image\" \/>\n<meta name=\"twitter:label1\" content=\"Est. reading time\" \/>\n\t<meta name=\"twitter:data1\" content=\"3 minutes\" \/>\n<script type=\"application\/ld+json\" class=\"yoast-schema-graph\">{\"@context\":\"https:\/\/schema.org\",\"@graph\":[{\"@type\":\"WebPage\",\"@id\":\"https:\/\/rqrgastrobar.es\/cookies\/\",\"url\":\"https:\/\/rqrgastrobar.es\/cookies\/\",\"name\":\"cookies - RQR Restaurant | La Quarantamaula Events | Ibi\",\"isPartOf\":{\"@id\":\"https:\/\/rqrgastrobar.es\/#website\"},\"datePublished\":\"2023-11-29T10:44:55+00:00\",\"dateModified\":\"2023-11-29T10:49:28+00:00\",\"breadcrumb\":{\"@id\":\"https:\/\/rqrgastrobar.es\/cookies\/#breadcrumb\"},\"inLanguage\":\"en-US\",\"potentialAction\":[{\"@type\":\"ReadAction\",\"target\":[\"https:\/\/rqrgastrobar.es\/cookies\/\"]}]},{\"@type\":\"BreadcrumbList\",\"@id\":\"https:\/\/rqrgastrobar.es\/cookies\/#breadcrumb\",\"itemListElement\":[{\"@type\":\"ListItem\",\"position\":1,\"name\":\"Portada\",\"item\":\"https:\/\/rqrgastrobar.es\/\"},{\"@type\":\"ListItem\",\"position\":2,\"name\":\"cookies\"}]},{\"@type\":\"WebSite\",\"@id\":\"https:\/\/rqrgastrobar.es\/#website\",\"url\":\"https:\/\/rqrgastrobar.es\/\",\"name\":\"RQR Gastrobar | La Barra del Erre | Ibi\",\"description\":\"Restaurante en Ibi con cocina de autor provincial\",\"publisher\":{\"@id\":\"https:\/\/rqrgastrobar.es\/#organization\"},\"alternateName\":\"Erre que Erre Gastrobar\",\"potentialAction\":[{\"@type\":\"SearchAction\",\"target\":{\"@type\":\"EntryPoint\",\"urlTemplate\":\"https:\/\/rqrgastrobar.es\/?s={search_term_string}\"},\"query-input\":\"required name=search_term_string\"}],\"inLanguage\":\"en-US\"},{\"@type\":\"Organization\",\"@id\":\"https:\/\/rqrgastrobar.es\/#organization\",\"name\":\"RQR Gastrobar | La Barra del Erre | Ibi\",\"alternateName\":\"Erre que Erre Gastrobar\",\"url\":\"https:\/\/rqrgastrobar.es\/\",\"logo\":{\"@type\":\"ImageObject\",\"inLanguage\":\"en-US\",\"@id\":\"https:\/\/rqrgastrobar.es\/#\/schema\/logo\/image\/\",\"url\":\"https:\/\/i0.wp.com\/rqrgastrobar.es\/wp-content\/uploads\/2026\/04\/Diseno-sin-titulo-2026-04-15T124120.737.png?fit=664%2C211&ssl=1\",\"contentUrl\":\"https:\/\/i0.wp.com\/rqrgastrobar.es\/wp-content\/uploads\/2026\/04\/Diseno-sin-titulo-2026-04-15T124120.737.png?fit=664%2C211&ssl=1\",\"width\":664,\"height\":211,\"caption\":\"RQR Gastrobar | La Barra del Erre | Ibi\"},\"image\":{\"@id\":\"https:\/\/rqrgastrobar.es\/#\/schema\/logo\/image\/\"},\"sameAs\":[\"https:\/\/www.facebook.com\/rqrgastrobar\/\",\"https:\/\/www.instagram.com\/rqrgastrobar\/\"]}]}<\/script>\n<!-- \/ Yoast SEO plugin. -->","yoast_head_json":{"title":"cookies - RQR Restaurant | La Quarantamaula Events | Ibi","robots":{"index":"index","follow":"follow","max-snippet":"max-snippet:-1","max-image-preview":"max-image-preview:large","max-video-preview":"max-video-preview:-1"},"canonical":"https:\/\/rqrgastrobar.es\/en\/cookies\/","og_locale":"en_US","og_type":"article","og_title":"cookies - RQR Restaurant | La Quarantamaula Events | Ibi","og_description":"POL\u00cdTICA DE COOKIES RQR Gastrobar por su propia cuenta o la de un tercero contratado para prestaci\u00f3n de servicios de medici\u00f3n, pueden utilizar cookies cuando el usuario navega por el sitio web. Las cookies son ficheros enviados al navegador por medio de un servicio web con la finalidad de registrar las actividades del usuario durante [&hellip;]","og_url":"https:\/\/rqrgastrobar.es\/en\/cookies\/","og_site_name":"RQR Restaurant | La Quarantamaula Events | Ibi","article_publisher":"https:\/\/www.facebook.com\/rqrgastrobar\/","article_modified_time":"2023-11-29T10:49:28+00:00","twitter_card":"summary_large_image","twitter_misc":{"Est. reading time":"3 minutes"},"schema":{"@context":"https:\/\/schema.org","@graph":[{"@type":"WebPage","@id":"https:\/\/rqrgastrobar.es\/cookies\/","url":"https:\/\/rqrgastrobar.es\/cookies\/","name":"cookies - RQR Restaurant | La Quarantamaula Events | Ibi","isPartOf":{"@id":"https:\/\/rqrgastrobar.es\/#website"},"datePublished":"2023-11-29T10:44:55+00:00","dateModified":"2023-11-29T10:49:28+00:00","breadcrumb":{"@id":"https:\/\/rqrgastrobar.es\/cookies\/#breadcrumb"},"inLanguage":"en-US","potentialAction":[{"@type":"ReadAction","target":["https:\/\/rqrgastrobar.es\/cookies\/"]}]},{"@type":"BreadcrumbList","@id":"https:\/\/rqrgastrobar.es\/cookies\/#breadcrumb","itemListElement":[{"@type":"ListItem","position":1,"name":"Portada","item":"https:\/\/rqrgastrobar.es\/"},{"@type":"ListItem","position":2,"name":"cookies"}]},{"@type":"WebSite","@id":"https:\/\/rqrgastrobar.es\/#website","url":"https:\/\/rqrgastrobar.es\/","name":"RQR Gastrobar | La Barra del Erre | Ibi","description":"Restaurante en Ibi con cocina de autor provincial","publisher":{"@id":"https:\/\/rqrgastrobar.es\/#organization"},"alternateName":"Erre que Erre Gastrobar","potentialAction":[{"@type":"SearchAction","target":{"@type":"EntryPoint","urlTemplate":"https:\/\/rqrgastrobar.es\/?s={search_term_string}"},"query-input":"required name=search_term_string"}],"inLanguage":"en-US"},{"@type":"Organization","@id":"https:\/\/rqrgastrobar.es\/#organization","name":"RQR Gastrobar | La Barra del Erre | Ibi","alternateName":"Erre que Erre Gastrobar","url":"https:\/\/rqrgastrobar.es\/","logo":{"@type":"ImageObject","inLanguage":"en-US","@id":"https:\/\/rqrgastrobar.es\/#\/schema\/logo\/image\/","url":"https:\/\/i0.wp.com\/rqrgastrobar.es\/wp-content\/uploads\/2026\/04\/Diseno-sin-titulo-2026-04-15T124120.737.png?fit=664%2C211&ssl=1","contentUrl":"https:\/\/i0.wp.com\/rqrgastrobar.es\/wp-content\/uploads\/2026\/04\/Diseno-sin-titulo-2026-04-15T124120.737.png?fit=664%2C211&ssl=1","width":664,"height":211,"caption":"RQR Gastrobar | La Barra del Erre | Ibi"},"image":{"@id":"https:\/\/rqrgastrobar.es\/#\/schema\/logo\/image\/"},"sameAs":["https:\/\/www.facebook.com\/rqrgastrobar\/","https:\/\/www.instagram.com\/rqrgastrobar\/"]}]}},"_links":{"self":[{"href":"https:\/\/rqrgastrobar.es\/en\/wp-json\/wp\/v2\/pages\/1375"}],"collection":[{"href":"https:\/\/rqrgastrobar.es\/en\/wp-json\/wp\/v2\/pages"}],"about":[{"href":"https:\/\/rqrgastrobar.es\/en\/wp-json\/wp\/v2\/types\/page"}],"author":[{"embeddable":true,"href":"https:\/\/rqrgastrobar.es\/en\/wp-json\/wp\/v2\/users\/1"}],"replies":[{"embeddable":true,"href":"https:\/\/rqrgastrobar.es\/en\/wp-json\/wp\/v2\/comments?post=1375"}],"version-history":[{"count":4,"href":"https:\/\/rqrgastrobar.es\/en\/wp-json\/wp\/v2\/pages\/1375\/revisions"}],"predecessor-version":[{"id":1379,"href":"https:\/\/rqrgastrobar.es\/en\/wp-json\/wp\/v2\/pages\/1375\/revisions\/1379"}],"wp:attachment":[{"href":"https:\/\/rqrgastrobar.es\/en\/wp-json\/wp\/v2\/media?parent=1375"}],"curies":[{"name":"wp","href":"https:\/\/api.w.org\/{rel}","templated":true}]}}