{"id":1380,"date":"2023-11-29T11:50:21","date_gmt":"2023-11-29T10:50:21","guid":{"rendered":"https:\/\/new.rqrgastrobar.es\/?page_id=1380"},"modified":"2024-01-25T11:25:47","modified_gmt":"2024-01-25T10:25:47","slug":"accesibilidad","status":"publish","type":"page","link":"https:\/\/rqrgastrobar.es\/en\/accesibilidad\/","title":{"rendered":"Accesibilidad"},"content":{"rendered":"<p class=\"has-ast-global-color-2-color has-text-color has-link-color wp-elements-5cb266c5efd624fb31637bf01466264f\">Como empresa comprometida con la accesibilidad web, nos esforzamos por garantizar que nuestro sitio web sea accesible para todas las personas, incluyendo aquellas con discapacidades. Sabemos que la accesibilidad web es fundamental para garantizar que todas las personas tengan igualdad de oportunidades en la utilizaci\u00f3n de la tecnolog\u00eda y en la participaci\u00f3n en la sociedad en l\u00ednea.<\/p>\n\n\n\n<p class=\"has-ast-global-color-2-color has-text-color has-link-color wp-elements-93e4f1abf0898773af2b43580264e44f\">Para lograr este objetivo, hemos trabajado arduamente para cumplir con las pautas de accesibilidad web establecidas por el Consorcio World Wide Web (W3C), incluyendo las Directrices de Accesibilidad para el Contenido Web (WCAG) 2.1 de nivel AA. Hemos implementado las pr\u00e1cticas recomendadas para hacer que nuestro sitio web sea f\u00e1cilmente accesible para personas con discapacidades visuales, auditivas, cognitivas y f\u00edsicas.<\/p>\n\n\n\n<p class=\"has-ast-global-color-2-color has-text-color has-link-color wp-elements-d19a8e5f9583ac0e834399703ce03a23\">Entre las medidas que hemos adoptado se incluyen el uso de etiquetas apropiadas en nuestro c\u00f3digo HTML para proporcionar descripciones de im\u00e1genes y enlaces, el uso de colores de alto contraste para mejorar la legibilidad, la disponibilidad de alternativas de audio para contenido de v\u00eddeo y la garant\u00eda de que nuestro sitio web sea totalmente navegable mediante el teclado.<\/p>\n\n\n\n<p class=\"has-ast-global-color-2-color has-text-color has-link-color wp-elements-218b3a84e5bbee459f4b72e09437db59\">Nos comprometemos a seguir mejorando nuestro sitio web para garantizar que sea accesible para todos los usuarios, independientemente de sus discapacidades. Agradecemos cualquier retroalimentaci\u00f3n que nuestros usuarios puedan proporcionar sobre la accesibilidad de nuestro sitio web, ya que esto nos ayudar\u00e1 a continuar mejorando su accesibilidad en el futuro.<\/p>","protected":false},"excerpt":{"rendered":"<p>Como empresa comprometida con la accesibilidad web, nos esforzamos por garantizar que nuestro sitio web sea accesible para todas las personas, incluyendo aquellas con discapacidades. Sabemos que la accesibilidad web es fundamental para garantizar que todas las personas tengan igualdad de oportunidades en la utilizaci\u00f3n de la tecnolog\u00eda y en la participaci\u00f3n en la sociedad [&hellip;]<\/p>","protected":false},"author":1,"featured_media":0,"parent":0,"menu_order":0,"comment_status":"closed","ping_status":"closed","template":"","meta":{"site-sidebar-layout":"default","site-content-layout":"","ast-site-content-layout":"default","site-content-style":"default","site-sidebar-style":"default","ast-global-header-display":"","ast-banner-title-visibility":"","ast-main-header-display":"","ast-hfb-above-header-display":"","ast-hfb-below-header-display":"","ast-hfb-mobile-header-display":"","site-post-title":"","ast-breadcrumbs-content":"","ast-featured-img":"","footer-sml-layout":"","theme-transparent-header-meta":"","adv-header-id-meta":"","stick-header-meta":"","header-above-stick-meta":"","header-main-stick-meta":"","header-below-stick-meta":"","astra-migrate-meta-layouts":"set","ast-page-background-enabled":"default","ast-page-background-meta":{"desktop":{"background-color":"","background-image":"","background-repeat":"repeat","background-position":"center center","background-size":"auto","background-attachment":"scroll","background-type":"","background-media":"","overlay-type":"","overlay-color":"","overlay-gradient":""},"tablet":{"background-color":"","background-image":"","background-repeat":"repeat","background-position":"center center","background-size":"auto","background-attachment":"scroll","background-type":"","background-media":"","overlay-type":"","overlay-color":"","overlay-gradient":""},"mobile":{"background-color":"","background-image":"","background-repeat":"repeat","background-position":"center center","background-size":"auto","background-attachment":"scroll","background-type":"","background-media":"","overlay-type":"","overlay-color":"","overlay-gradient":""}},"ast-content-background-meta":{"desktop":{"background-color":"var(--ast-global-color-5)","background-image":"","background-repeat":"repeat","background-position":"center center","background-size":"auto","background-attachment":"scroll","background-type":"","background-media":"","overlay-type":"","overlay-color":"","overlay-gradient":""},"tablet":{"background-color":"var(--ast-global-color-5)","background-image":"","background-repeat":"repeat","background-position":"center center","background-size":"auto","background-attachment":"scroll","background-type":"","background-media":"","overlay-type":"","overlay-color":"","overlay-gradient":""},"mobile":{"background-color":"var(--ast-global-color-5)","background-image":"","background-repeat":"repeat","background-position":"center center","background-size":"auto","background-attachment":"scroll","background-type":"","background-media":"","overlay-type":"","overlay-color":"","overlay-gradient":""}},"footnotes":""},"yoast_head":"<!-- This site is optimized with the Yoast SEO plugin v21.9 - https:\/\/yoast.com\/wordpress\/plugins\/seo\/ -->\n<title>Accesibilidad - RQR Gastrobar | La Barra del Erre | Ibi<\/title>\n<meta name=\"robots\" content=\"index, follow, max-snippet:-1, max-image-preview:large, max-video-preview:-1\" \/>\n<link rel=\"canonical\" href=\"https:\/\/rqrgastrobar.es\/en\/accesibilidad\/\" \/>\n<meta property=\"og:locale\" content=\"en_US\" \/>\n<meta property=\"og:type\" content=\"article\" \/>\n<meta property=\"og:title\" content=\"Accesibilidad - RQR Gastrobar | La Barra del Erre | Ibi\" \/>\n<meta property=\"og:description\" content=\"Como empresa comprometida con la accesibilidad web, nos esforzamos por garantizar que nuestro sitio web sea accesible para todas las personas, incluyendo aquellas con discapacidades. Sabemos que la accesibilidad web es fundamental para garantizar que todas las personas tengan igualdad de oportunidades en la utilizaci\u00f3n de la tecnolog\u00eda y en la participaci\u00f3n en la sociedad [&hellip;]\" \/>\n<meta property=\"og:url\" content=\"https:\/\/rqrgastrobar.es\/en\/accesibilidad\/\" \/>\n<meta property=\"og:site_name\" content=\"RQR Gastrobar | La Barra del Erre | Ibi\" \/>\n<meta property=\"article:publisher\" content=\"https:\/\/www.facebook.com\/rqrgastrobar\/\" \/>\n<meta property=\"article:modified_time\" content=\"2024-01-25T10:25:47+00:00\" \/>\n<meta name=\"twitter:card\" content=\"summary_large_image\" \/>\n<meta name=\"twitter:label1\" content=\"Est. reading time\" \/>\n\t<meta name=\"twitter:data1\" content=\"1 minute\" \/>\n<script type=\"application\/ld+json\" class=\"yoast-schema-graph\">{\"@context\":\"https:\/\/schema.org\",\"@graph\":[{\"@type\":\"WebPage\",\"@id\":\"https:\/\/rqrgastrobar.es\/accesibilidad\/\",\"url\":\"https:\/\/rqrgastrobar.es\/accesibilidad\/\",\"name\":\"Accesibilidad - RQR Gastrobar | La Barra del Erre | Ibi\",\"isPartOf\":{\"@id\":\"https:\/\/rqrgastrobar.es\/#website\"},\"datePublished\":\"2023-11-29T10:50:21+00:00\",\"dateModified\":\"2024-01-25T10:25:47+00:00\",\"breadcrumb\":{\"@id\":\"https:\/\/rqrgastrobar.es\/accesibilidad\/#breadcrumb\"},\"inLanguage\":\"en-US\",\"potentialAction\":[{\"@type\":\"ReadAction\",\"target\":[\"https:\/\/rqrgastrobar.es\/accesibilidad\/\"]}]},{\"@type\":\"BreadcrumbList\",\"@id\":\"https:\/\/rqrgastrobar.es\/accesibilidad\/#breadcrumb\",\"itemListElement\":[{\"@type\":\"ListItem\",\"position\":1,\"name\":\"Portada\",\"item\":\"https:\/\/rqrgastrobar.es\/\"},{\"@type\":\"ListItem\",\"position\":2,\"name\":\"Accesibilidad\"}]},{\"@type\":\"WebSite\",\"@id\":\"https:\/\/rqrgastrobar.es\/#website\",\"url\":\"https:\/\/rqrgastrobar.es\/\",\"name\":\"RQR Gastrobar | La Barra del Erre | Ibi\",\"description\":\"Restaurante en Ibi con cocina de autor provincial\",\"publisher\":{\"@id\":\"https:\/\/rqrgastrobar.es\/#organization\"},\"alternateName\":\"Erre que Erre Gastrobar\",\"potentialAction\":[{\"@type\":\"SearchAction\",\"target\":{\"@type\":\"EntryPoint\",\"urlTemplate\":\"https:\/\/rqrgastrobar.es\/?s={search_term_string}\"},\"query-input\":\"required name=search_term_string\"}],\"inLanguage\":\"en-US\"},{\"@type\":\"Organization\",\"@id\":\"https:\/\/rqrgastrobar.es\/#organization\",\"name\":\"RQR Gastrobar | La Barra del Erre | Ibi\",\"alternateName\":\"Erre que Erre Gastrobar\",\"url\":\"https:\/\/rqrgastrobar.es\/\",\"logo\":{\"@type\":\"ImageObject\",\"inLanguage\":\"en-US\",\"@id\":\"https:\/\/rqrgastrobar.es\/#\/schema\/logo\/image\/\",\"url\":\"https:\/\/i0.wp.com\/rqrgastrobar.es\/wp-content\/uploads\/2023\/12\/cropped-logotipo.png?fit=664%2C211&ssl=1\",\"contentUrl\":\"https:\/\/i0.wp.com\/rqrgastrobar.es\/wp-content\/uploads\/2023\/12\/cropped-logotipo.png?fit=664%2C211&ssl=1\",\"width\":664,\"height\":211,\"caption\":\"RQR Gastrobar | La Barra del Erre | Ibi\"},\"image\":{\"@id\":\"https:\/\/rqrgastrobar.es\/#\/schema\/logo\/image\/\"},\"sameAs\":[\"https:\/\/www.facebook.com\/rqrgastrobar\/\",\"https:\/\/www.instagram.com\/rqrgastrobar\/\"]}]}<\/script>\n<!-- \/ Yoast SEO plugin. -->","yoast_head_json":{"title":"Accesibilidad - RQR Gastrobar | La Barra del Erre | Ibi","robots":{"index":"index","follow":"follow","max-snippet":"max-snippet:-1","max-image-preview":"max-image-preview:large","max-video-preview":"max-video-preview:-1"},"canonical":"https:\/\/rqrgastrobar.es\/en\/accesibilidad\/","og_locale":"en_US","og_type":"article","og_title":"Accesibilidad - RQR Gastrobar | La Barra del Erre | Ibi","og_description":"Como empresa comprometida con la accesibilidad web, nos esforzamos por garantizar que nuestro sitio web sea accesible para todas las personas, incluyendo aquellas con discapacidades. Sabemos que la accesibilidad web es fundamental para garantizar que todas las personas tengan igualdad de oportunidades en la utilizaci\u00f3n de la tecnolog\u00eda y en la participaci\u00f3n en la sociedad [&hellip;]","og_url":"https:\/\/rqrgastrobar.es\/en\/accesibilidad\/","og_site_name":"RQR Gastrobar | La Barra del Erre | Ibi","article_publisher":"https:\/\/www.facebook.com\/rqrgastrobar\/","article_modified_time":"2024-01-25T10:25:47+00:00","twitter_card":"summary_large_image","twitter_misc":{"Est. reading time":"1 minute"},"schema":{"@context":"https:\/\/schema.org","@graph":[{"@type":"WebPage","@id":"https:\/\/rqrgastrobar.es\/accesibilidad\/","url":"https:\/\/rqrgastrobar.es\/accesibilidad\/","name":"Accesibilidad - RQR Gastrobar | La Barra del Erre | Ibi","isPartOf":{"@id":"https:\/\/rqrgastrobar.es\/#website"},"datePublished":"2023-11-29T10:50:21+00:00","dateModified":"2024-01-25T10:25:47+00:00","breadcrumb":{"@id":"https:\/\/rqrgastrobar.es\/accesibilidad\/#breadcrumb"},"inLanguage":"en-US","potentialAction":[{"@type":"ReadAction","target":["https:\/\/rqrgastrobar.es\/accesibilidad\/"]}]},{"@type":"BreadcrumbList","@id":"https:\/\/rqrgastrobar.es\/accesibilidad\/#breadcrumb","itemListElement":[{"@type":"ListItem","position":1,"name":"Portada","item":"https:\/\/rqrgastrobar.es\/"},{"@type":"ListItem","position":2,"name":"Accesibilidad"}]},{"@type":"WebSite","@id":"https:\/\/rqrgastrobar.es\/#website","url":"https:\/\/rqrgastrobar.es\/","name":"RQR Gastrobar | La Barra del Erre | Ibi","description":"Restaurante en Ibi con cocina de autor provincial","publisher":{"@id":"https:\/\/rqrgastrobar.es\/#organization"},"alternateName":"Erre que Erre Gastrobar","potentialAction":[{"@type":"SearchAction","target":{"@type":"EntryPoint","urlTemplate":"https:\/\/rqrgastrobar.es\/?s={search_term_string}"},"query-input":"required name=search_term_string"}],"inLanguage":"en-US"},{"@type":"Organization","@id":"https:\/\/rqrgastrobar.es\/#organization","name":"RQR Gastrobar | La Barra del Erre | Ibi","alternateName":"Erre que Erre Gastrobar","url":"https:\/\/rqrgastrobar.es\/","logo":{"@type":"ImageObject","inLanguage":"en-US","@id":"https:\/\/rqrgastrobar.es\/#\/schema\/logo\/image\/","url":"https:\/\/i0.wp.com\/rqrgastrobar.es\/wp-content\/uploads\/2023\/12\/cropped-logotipo.png?fit=664%2C211&ssl=1","contentUrl":"https:\/\/i0.wp.com\/rqrgastrobar.es\/wp-content\/uploads\/2023\/12\/cropped-logotipo.png?fit=664%2C211&ssl=1","width":664,"height":211,"caption":"RQR Gastrobar | La Barra del Erre | Ibi"},"image":{"@id":"https:\/\/rqrgastrobar.es\/#\/schema\/logo\/image\/"},"sameAs":["https:\/\/www.facebook.com\/rqrgastrobar\/","https:\/\/www.instagram.com\/rqrgastrobar\/"]}]}},"_links":{"self":[{"href":"https:\/\/rqrgastrobar.es\/en\/wp-json\/wp\/v2\/pages\/1380"}],"collection":[{"href":"https:\/\/rqrgastrobar.es\/en\/wp-json\/wp\/v2\/pages"}],"about":[{"href":"https:\/\/rqrgastrobar.es\/en\/wp-json\/wp\/v2\/types\/page"}],"author":[{"embeddable":true,"href":"https:\/\/rqrgastrobar.es\/en\/wp-json\/wp\/v2\/users\/1"}],"replies":[{"embeddable":true,"href":"https:\/\/rqrgastrobar.es\/en\/wp-json\/wp\/v2\/comments?post=1380"}],"version-history":[{"count":3,"href":"https:\/\/rqrgastrobar.es\/en\/wp-json\/wp\/v2\/pages\/1380\/revisions"}],"predecessor-version":[{"id":1578,"href":"https:\/\/rqrgastrobar.es\/en\/wp-json\/wp\/v2\/pages\/1380\/revisions\/1578"}],"wp:attachment":[{"href":"https:\/\/rqrgastrobar.es\/en\/wp-json\/wp\/v2\/media?parent=1380"}],"curies":[{"name":"wp","href":"https:\/\/api.w.org\/{rel}","templated":true}]}}