{"id":1456,"date":"2023-11-29T12:33:37","date_gmt":"2023-11-29T11:33:37","guid":{"rendered":"https:\/\/new.rqrgastrobar.es\/?page_id=1456"},"modified":"2024-09-04T09:45:05","modified_gmt":"2024-09-04T07:45:05","slug":"blog","status":"publish","type":"page","link":"https:\/\/rqrgastrobar.es\/en\/blog\/","title":{"rendered":"Blog"},"content":{"rendered":"<div data-elementor-type=\"wp-page\" data-elementor-id=\"1456\" class=\"elementor elementor-1456\" data-elementor-post-type=\"page\">\n\t\t\t\t\t\t\t<div class=\"elementor-element elementor-element-3d7855a e-con-full e-flex e-con e-parent\" data-id=\"3d7855a\" data-element_type=\"container\" data-settings=\"{&quot;content_width&quot;:&quot;full&quot;,&quot;background_background&quot;:&quot;classic&quot;,&quot;container_type&quot;:&quot;flex&quot;}\" data-core-v316-plus=\"true\">\n\t\t\t\t<div class=\"elementor-element elementor-element-2ba338e elementor-widget elementor-widget-heading\" data-id=\"2ba338e\" data-element_type=\"widget\" data-widget_type=\"heading.default\">\n\t\t\t\t<div class=\"elementor-widget-container\">\n\t\t\t<style>\/*! elementor - v3.18.0 - 20-12-2023 *\/\n.elementor-heading-title{padding:0;margin:0;line-height:1}.elementor-widget-heading .elementor-heading-title[class*=elementor-size-]>a{color:inherit;font-size:inherit;line-height:inherit}.elementor-widget-heading .elementor-heading-title.elementor-size-small{font-size:15px}.elementor-widget-heading .elementor-heading-title.elementor-size-medium{font-size:19px}.elementor-widget-heading .elementor-heading-title.elementor-size-large{font-size:29px}.elementor-widget-heading .elementor-heading-title.elementor-size-xl{font-size:39px}.elementor-widget-heading .elementor-heading-title.elementor-size-xxl{font-size:59px}<\/style><h1 class=\"elementor-heading-title elementor-size-default\">News<\/h1>\t\t<\/div>\n\t\t\t\t<\/div>\n\t\t\t\t<\/div>\n\t\t<div class=\"elementor-element elementor-element-10071d7 e-flex e-con-boxed e-con e-parent\" data-id=\"10071d7\" data-element_type=\"container\" data-settings=\"{&quot;container_type&quot;:&quot;flex&quot;,&quot;content_width&quot;:&quot;boxed&quot;}\" data-core-v316-plus=\"true\">\n\t\t\t\t\t<div class=\"e-con-inner\">\n\t\t\t\t<div class=\"elementor-element elementor-element-3b20320 elementor-grid-3 elementor-grid-tablet-2 elementor-grid-mobile-1 elementor-posts--thumbnail-top elementor-card-shadow-yes elementor-posts__hover-gradient elementor-widget elementor-widget-posts\" data-id=\"3b20320\" data-element_type=\"widget\" data-settings=\"{&quot;cards_masonry&quot;:&quot;yes&quot;,&quot;pagination_type&quot;:&quot;numbers_and_prev_next&quot;,&quot;cards_columns&quot;:&quot;3&quot;,&quot;cards_columns_tablet&quot;:&quot;2&quot;,&quot;cards_columns_mobile&quot;:&quot;1&quot;,&quot;cards_row_gap&quot;:{&quot;unit&quot;:&quot;px&quot;,&quot;size&quot;:35,&quot;sizes&quot;:[]},&quot;cards_row_gap_tablet&quot;:{&quot;unit&quot;:&quot;px&quot;,&quot;size&quot;:&quot;&quot;,&quot;sizes&quot;:[]},&quot;cards_row_gap_mobile&quot;:{&quot;unit&quot;:&quot;px&quot;,&quot;size&quot;:&quot;&quot;,&quot;sizes&quot;:[]}}\" data-widget_type=\"posts.cards\">\n\t\t\t\t<div class=\"elementor-widget-container\">\n\t\t\t<link rel=\"stylesheet\" href=\"https:\/\/rqrgastrobar.es\/wp-content\/plugins\/pro-elements\/assets\/css\/widget-posts.min.css\">\t\t<div class=\"elementor-posts-container elementor-posts elementor-posts--skin-cards elementor-grid\">\n\t\t\t\t<article class=\"elementor-post elementor-grid-item post-2251 post type-post status-publish format-standard hentry category-uncategorized\">\n\t\t\t<div class=\"elementor-post__card\">\n\t\t\t\t<div class=\"elementor-post__text\">\n\t\t\t\t<h2 class=\"elementor-post__title\">\n\t\t\t<a href=\"https:\/\/rqrgastrobar.es\/en\/aopstamos-por-la-sostenibilidad\/\" >\n\t\t\t\tAOPSTAMOS POR LA SOSTENIBILIDAD\t\t\t<\/a>\n\t\t<\/h2>\n\t\t\t\t<div class=\"elementor-post__excerpt\">\n\t\t\t<p>El Grup Hosteler Erre que Erre ha recibido una ayuda de 1800\u20ac para la adquisici\u00f3n de un vehiculo electrico (Moves III) de la uni\u00f3n europea con cargo al fondo nextgenerationEU<\/p>\n\t\t<\/div>\n\t\t\n\t\t<a class=\"elementor-post__read-more\" href=\"https:\/\/rqrgastrobar.es\/en\/aopstamos-por-la-sostenibilidad\/\" aria-label=\"Read more about AOPSTAMOS POR LA SOSTENIBILIDAD\" tabindex=\"-1\" >\n\t\t\tLeer m\u00e1s \u00bb\t\t<\/a>\n\n\t\t\t\t<\/div>\n\t\t\t\t\t<\/div>\n\t\t<\/article>\n\t\t\t\t<article class=\"elementor-post elementor-grid-item post-2246 post type-post status-publish format-standard hentry category-noticias-rqr\">\n\t\t\t<div class=\"elementor-post__card\">\n\t\t\t\t<div class=\"elementor-post__text\">\n\t\t\t\t<h2 class=\"elementor-post__title\">\n\t\t\t<a href=\"https:\/\/rqrgastrobar.es\/en\/cierre-la-barra-del-erre\/\" >\n\t\t\t\tCierre La barra del erre\t\t\t<\/a>\n\t\t<\/h2>\n\t\t\t\t<div class=\"elementor-post__excerpt\">\n\t\t\t<p>Os comunicamos el cierre de nuestra barra , debido a la falta de personal cualificado en el sector y no pudiendo dar los niveles de calidad y servicio acorde a<\/p>\n\t\t<\/div>\n\t\t\n\t\t<a class=\"elementor-post__read-more\" href=\"https:\/\/rqrgastrobar.es\/en\/cierre-la-barra-del-erre\/\" aria-label=\"Read more about Cierre La barra del erre\" tabindex=\"-1\" >\n\t\t\tLeer m\u00e1s \u00bb\t\t<\/a>\n\n\t\t\t\t<\/div>\n\t\t\t\t\t<\/div>\n\t\t<\/article>\n\t\t\t\t<article class=\"elementor-post elementor-grid-item post-2188 post type-post status-publish format-standard has-post-thumbnail hentry category-cocina\">\n\t\t\t<div class=\"elementor-post__card\">\n\t\t\t\t<a class=\"elementor-post__thumbnail__link\" href=\"https:\/\/rqrgastrobar.es\/en\/truco-infalible-para-hacer-huevos-poche\/\" tabindex=\"-1\" ><div class=\"elementor-post__thumbnail\"><img fetchpriority=\"high\" decoding=\"async\" width=\"300\" height=\"251\" src=\"https:\/\/i0.wp.com\/rqrgastrobar.es\/wp-content\/uploads\/2024\/11\/como-hacer-huevos-poche.png?fit=300%2C251&amp;ssl=1\" class=\"attachment-medium size-medium wp-image-2189\" alt=\"Huevos poch\u00e9\" srcset=\"https:\/\/i0.wp.com\/rqrgastrobar.es\/wp-content\/uploads\/2024\/11\/como-hacer-huevos-poche.png?w=940&amp;ssl=1 940w, https:\/\/i0.wp.com\/rqrgastrobar.es\/wp-content\/uploads\/2024\/11\/como-hacer-huevos-poche.png?resize=300%2C251&amp;ssl=1 300w, https:\/\/i0.wp.com\/rqrgastrobar.es\/wp-content\/uploads\/2024\/11\/como-hacer-huevos-poche.png?resize=768%2C644&amp;ssl=1 768w, https:\/\/i0.wp.com\/rqrgastrobar.es\/wp-content\/uploads\/2024\/11\/como-hacer-huevos-poche.png?resize=14%2C12&amp;ssl=1 14w\" sizes=\"(max-width: 300px) 100vw, 300px\" \/><\/div><\/a>\n\t\t\t\t<div class=\"elementor-post__badge\">Cocina<\/div>\n\t\t\t\t<div class=\"elementor-post__text\">\n\t\t\t\t<h2 class=\"elementor-post__title\">\n\t\t\t<a href=\"https:\/\/rqrgastrobar.es\/en\/truco-infalible-para-hacer-huevos-poche\/\" >\n\t\t\t\t\u00a1Truco infalible para hacer huevos poch\u00e9!\t\t\t<\/a>\n\t\t<\/h2>\n\t\t\t\t<div class=\"elementor-post__excerpt\">\n\t\t\t<p>\u00bfQu\u00e9 tienen los huevos poch\u00e9 que los hacen tan irresistibles? Aunque los huevos poch\u00e9 son ahora famosos en todo el mundo, su origen est\u00e1 estrechamente ligado a la cocina francesa.<\/p>\n\t\t<\/div>\n\t\t\n\t\t<a class=\"elementor-post__read-more\" href=\"https:\/\/rqrgastrobar.es\/en\/truco-infalible-para-hacer-huevos-poche\/\" aria-label=\"Read more about \u00a1Truco infalible para hacer huevos poch\u00e9!\" tabindex=\"-1\" >\n\t\t\tLeer m\u00e1s \u00bb\t\t<\/a>\n\n\t\t\t\t<\/div>\n\t\t\t\t\t<\/div>\n\t\t<\/article>\n\t\t\t\t<article class=\"elementor-post elementor-grid-item post-2173 post type-post status-publish format-standard has-post-thumbnail hentry category-cocina\">\n\t\t\t<div class=\"elementor-post__card\">\n\t\t\t\t<a class=\"elementor-post__thumbnail__link\" href=\"https:\/\/rqrgastrobar.es\/en\/tipos-de-aceite-de-oliva-recomendados\/\" tabindex=\"-1\" ><div class=\"elementor-post__thumbnail\"><img decoding=\"async\" width=\"300\" height=\"251\" src=\"https:\/\/i0.wp.com\/rqrgastrobar.es\/wp-content\/uploads\/2024\/11\/tipos-de-aceite-de-oliva.png?fit=300%2C251&amp;ssl=1\" class=\"attachment-medium size-medium wp-image-2174\" alt=\"Tipos de aceite de oliva\" srcset=\"https:\/\/i0.wp.com\/rqrgastrobar.es\/wp-content\/uploads\/2024\/11\/tipos-de-aceite-de-oliva.png?w=940&amp;ssl=1 940w, https:\/\/i0.wp.com\/rqrgastrobar.es\/wp-content\/uploads\/2024\/11\/tipos-de-aceite-de-oliva.png?resize=300%2C251&amp;ssl=1 300w, https:\/\/i0.wp.com\/rqrgastrobar.es\/wp-content\/uploads\/2024\/11\/tipos-de-aceite-de-oliva.png?resize=768%2C644&amp;ssl=1 768w, https:\/\/i0.wp.com\/rqrgastrobar.es\/wp-content\/uploads\/2024\/11\/tipos-de-aceite-de-oliva.png?resize=14%2C12&amp;ssl=1 14w\" sizes=\"(max-width: 300px) 100vw, 300px\" \/><\/div><\/a>\n\t\t\t\t<div class=\"elementor-post__badge\">Cocina<\/div>\n\t\t\t\t<div class=\"elementor-post__text\">\n\t\t\t\t<h2 class=\"elementor-post__title\">\n\t\t\t<a href=\"https:\/\/rqrgastrobar.es\/en\/tipos-de-aceite-de-oliva-recomendados\/\" >\n\t\t\t\tTipos de aceite de oliva \u00a1Recomendados!\t\t\t<\/a>\n\t\t<\/h2>\n\t\t\t\t<div class=\"elementor-post__excerpt\">\n\t\t\t<p>El&nbsp;aceite de oliva&nbsp;es un ingrediente clave en la gastronom\u00eda mediterr\u00e1nea, no solo por su sabor, sino tambi\u00e9n por sus beneficios para la salud. \u00bfQuieres conocer los tipos de aceite de<\/p>\n\t\t<\/div>\n\t\t\n\t\t<a class=\"elementor-post__read-more\" href=\"https:\/\/rqrgastrobar.es\/en\/tipos-de-aceite-de-oliva-recomendados\/\" aria-label=\"Read more about Tipos de aceite de oliva \u00a1Recomendados!\" tabindex=\"-1\" >\n\t\t\tLeer m\u00e1s \u00bb\t\t<\/a>\n\n\t\t\t\t<\/div>\n\t\t\t\t\t<\/div>\n\t\t<\/article>\n\t\t\t\t<article class=\"elementor-post elementor-grid-item post-2005 post type-post status-publish format-standard has-post-thumbnail hentry category-cocina\">\n\t\t\t<div class=\"elementor-post__card\">\n\t\t\t\t<a class=\"elementor-post__thumbnail__link\" href=\"https:\/\/rqrgastrobar.es\/en\/como-hacer-pan-bao-en-casa\/\" tabindex=\"-1\" ><div class=\"elementor-post__thumbnail\"><img decoding=\"async\" width=\"300\" height=\"251\" src=\"https:\/\/i0.wp.com\/rqrgastrobar.es\/wp-content\/uploads\/2024\/09\/pan-bao-como-se-hace.png?fit=300%2C251&amp;ssl=1\" class=\"attachment-medium size-medium wp-image-2006\" alt=\"Pan bao\" srcset=\"https:\/\/i0.wp.com\/rqrgastrobar.es\/wp-content\/uploads\/2024\/09\/pan-bao-como-se-hace.png?w=940&amp;ssl=1 940w, https:\/\/i0.wp.com\/rqrgastrobar.es\/wp-content\/uploads\/2024\/09\/pan-bao-como-se-hace.png?resize=300%2C251&amp;ssl=1 300w, https:\/\/i0.wp.com\/rqrgastrobar.es\/wp-content\/uploads\/2024\/09\/pan-bao-como-se-hace.png?resize=768%2C644&amp;ssl=1 768w, https:\/\/i0.wp.com\/rqrgastrobar.es\/wp-content\/uploads\/2024\/09\/pan-bao-como-se-hace.png?resize=14%2C12&amp;ssl=1 14w\" sizes=\"(max-width: 300px) 100vw, 300px\" \/><\/div><\/a>\n\t\t\t\t<div class=\"elementor-post__badge\">Cocina<\/div>\n\t\t\t\t<div class=\"elementor-post__text\">\n\t\t\t\t<h2 class=\"elementor-post__title\">\n\t\t\t<a href=\"https:\/\/rqrgastrobar.es\/en\/como-hacer-pan-bao-en-casa\/\" >\n\t\t\t\t\u00bfC\u00f3mo hacer pan bao en casa?\t\t\t<\/a>\n\t\t<\/h2>\n\t\t\t\t<div class=\"elementor-post__excerpt\">\n\t\t\t<p>En el Blog de RQR Gastrobar, te ense\u00f1amos a hacer\u00a0pan bao\u00a0en casa, tanto la versi\u00f3n cl\u00e1sica, como algunas alternativas, como pan bao con tinta de calamar.\u00a0 \u00a1Sigue leyendo y descubre<\/p>\n\t\t<\/div>\n\t\t\n\t\t<a class=\"elementor-post__read-more\" href=\"https:\/\/rqrgastrobar.es\/en\/como-hacer-pan-bao-en-casa\/\" aria-label=\"Read more about \u00bfC\u00f3mo hacer pan bao en casa?\" tabindex=\"-1\" >\n\t\t\tLeer m\u00e1s \u00bb\t\t<\/a>\n\n\t\t\t\t<\/div>\n\t\t\t\t\t<\/div>\n\t\t<\/article>\n\t\t\t\t<article class=\"elementor-post elementor-grid-item post-1946 post type-post status-publish format-standard has-post-thumbnail hentry category-cocina\">\n\t\t\t<div class=\"elementor-post__card\">\n\t\t\t\t<a class=\"elementor-post__thumbnail__link\" href=\"https:\/\/rqrgastrobar.es\/en\/helado-con-aceite-de-oliva\/\" tabindex=\"-1\" ><div class=\"elementor-post__thumbnail\"><img loading=\"lazy\" decoding=\"async\" width=\"300\" height=\"300\" src=\"https:\/\/i0.wp.com\/rqrgastrobar.es\/wp-content\/uploads\/2024\/09\/helado-con-aceite-de-oliva.png?fit=300%2C300&amp;ssl=1\" class=\"attachment-medium size-medium wp-image-1947\" alt=\"Helado con aceite de oliva\" srcset=\"https:\/\/i0.wp.com\/rqrgastrobar.es\/wp-content\/uploads\/2024\/09\/helado-con-aceite-de-oliva.png?w=800&amp;ssl=1 800w, https:\/\/i0.wp.com\/rqrgastrobar.es\/wp-content\/uploads\/2024\/09\/helado-con-aceite-de-oliva.png?resize=300%2C300&amp;ssl=1 300w, https:\/\/i0.wp.com\/rqrgastrobar.es\/wp-content\/uploads\/2024\/09\/helado-con-aceite-de-oliva.png?resize=150%2C150&amp;ssl=1 150w, https:\/\/i0.wp.com\/rqrgastrobar.es\/wp-content\/uploads\/2024\/09\/helado-con-aceite-de-oliva.png?resize=768%2C768&amp;ssl=1 768w, https:\/\/i0.wp.com\/rqrgastrobar.es\/wp-content\/uploads\/2024\/09\/helado-con-aceite-de-oliva.png?resize=12%2C12&amp;ssl=1 12w\" sizes=\"(max-width: 300px) 100vw, 300px\" \/><\/div><\/a>\n\t\t\t\t<div class=\"elementor-post__badge\">Cocina<\/div>\n\t\t\t\t<div class=\"elementor-post__text\">\n\t\t\t\t<h2 class=\"elementor-post__title\">\n\t\t\t<a href=\"https:\/\/rqrgastrobar.es\/en\/helado-con-aceite-de-oliva\/\" >\n\t\t\t\tHelado con aceite de oliva\t\t\t<\/a>\n\t\t<\/h2>\n\t\t\t\t<div class=\"elementor-post__excerpt\">\n\t\t\t<p>\u00bfHas probado alguna vez el helado con aceite de oliva? Esta combinaci\u00f3n se ha hecho viral en redes y desde&nbsp;RQR Gastrobar&nbsp;queremos revelarte la receta para que tu tambi\u00e9n puedas disfrutar<\/p>\n\t\t<\/div>\n\t\t\n\t\t<a class=\"elementor-post__read-more\" href=\"https:\/\/rqrgastrobar.es\/en\/helado-con-aceite-de-oliva\/\" aria-label=\"Read more about Helado con aceite de oliva\" tabindex=\"-1\" >\n\t\t\tLeer m\u00e1s \u00bb\t\t<\/a>\n\n\t\t\t\t<\/div>\n\t\t\t\t\t<\/div>\n\t\t<\/article>\n\t\t\t\t<\/div>\n\t\t\n\t\t\t\t<div class=\"e-load-more-anchor\" data-page=\"1\" data-max-page=\"3\" data-next-page=\"https:\/\/rqrgastrobar.es\/en\/wp-json\/wp\/v2\/pages\/1456\/page\/2\/\"><\/div>\n\t\t\t\t<nav class=\"elementor-pagination\" aria-label=\"Pagination\">\n\t\t\t<span class=\"page-numbers prev\">&laquo; Anterior<\/span>\n<span aria-current=\"page\" class=\"page-numbers current\"><span class=\"elementor-screen-only\">Page<\/span>1<\/span>\n<a class=\"page-numbers\" href=\"https:\/\/rqrgastrobar.es\/en\/wp-json\/wp\/v2\/pages\/1456\/page\/2\/\"><span class=\"elementor-screen-only\">Page<\/span>2<\/a>\n<a class=\"page-numbers\" href=\"https:\/\/rqrgastrobar.es\/en\/wp-json\/wp\/v2\/pages\/1456\/page\/3\/\"><span class=\"elementor-screen-only\">Page<\/span>3<\/a>\n<a class=\"page-numbers next\" href=\"https:\/\/rqrgastrobar.es\/en\/wp-json\/wp\/v2\/pages\/1456\/page\/2\/\">Siguiente &raquo;<\/a>\t\t<\/nav>\n\t\t\t\t<\/div>\n\t\t\t\t<\/div>\n\t\t\t\t\t<\/div>\n\t\t\t\t<\/div>\n\t\t\t\t\t\t\t<\/div>","protected":false},"excerpt":{"rendered":"<p>News<\/p>","protected":false},"author":1,"featured_media":0,"parent":0,"menu_order":0,"comment_status":"closed","ping_status":"closed","template":"","meta":{"site-sidebar-layout":"no-sidebar","site-content-layout":"page-builder","ast-site-content-layout":"full-width-container","site-content-style":"default","site-sidebar-style":"default","ast-global-header-display":"","ast-banner-title-visibility":"","ast-main-header-display":"","ast-hfb-above-header-display":"","ast-hfb-below-header-display":"","ast-hfb-mobile-header-display":"","site-post-title":"disabled","ast-breadcrumbs-content":"","ast-featured-img":"disabled","footer-sml-layout":"","theme-transparent-header-meta":"","adv-header-id-meta":"","stick-header-meta":"","header-above-stick-meta":"","header-main-stick-meta":"","header-below-stick-meta":"","astra-migrate-meta-layouts":"set","ast-page-background-enabled":"default","ast-page-background-meta":{"desktop":{"background-color":"","background-image":"","background-repeat":"repeat","background-position":"center center","background-size":"auto","background-attachment":"scroll","background-type":"","background-media":"","overlay-type":"","overlay-color":"","overlay-gradient":""},"tablet":{"background-color":"","background-image":"","background-repeat":"repeat","background-position":"center center","background-size":"auto","background-attachment":"scroll","background-type":"","background-media":"","overlay-type":"","overlay-color":"","overlay-gradient":""},"mobile":{"background-color":"","background-image":"","background-repeat":"repeat","background-position":"center center","background-size":"auto","background-attachment":"scroll","background-type":"","background-media":"","overlay-type":"","overlay-color":"","overlay-gradient":""}},"ast-content-background-meta":{"desktop":{"background-color":"var(--ast-global-color-5)","background-image":"","background-repeat":"repeat","background-position":"center center","background-size":"auto","background-attachment":"scroll","background-type":"","background-media":"","overlay-type":"","overlay-color":"","overlay-gradient":""},"tablet":{"background-color":"var(--ast-global-color-5)","background-image":"","background-repeat":"repeat","background-position":"center center","background-size":"auto","background-attachment":"scroll","background-type":"","background-media":"","overlay-type":"","overlay-color":"","overlay-gradient":""},"mobile":{"background-color":"var(--ast-global-color-5)","background-image":"","background-repeat":"repeat","background-position":"center center","background-size":"auto","background-attachment":"scroll","background-type":"","background-media":"","overlay-type":"","overlay-color":"","overlay-gradient":""}},"footnotes":""},"yoast_head":"<!-- This site is optimized with the Yoast SEO plugin v21.9 - https:\/\/yoast.com\/wordpress\/plugins\/seo\/ -->\n<title>Blog - RQR Gastrobar | La Barra del Erre | Ibi<\/title>\n<meta name=\"robots\" content=\"index, follow, max-snippet:-1, max-image-preview:large, max-video-preview:-1\" \/>\n<link rel=\"canonical\" href=\"https:\/\/rqrgastrobar.es\/en\/blog\/\" \/>\n<meta property=\"og:locale\" content=\"en_US\" \/>\n<meta property=\"og:type\" content=\"article\" \/>\n<meta property=\"og:title\" content=\"Blog - RQR Gastrobar | La Barra del Erre | Ibi\" \/>\n<meta property=\"og:description\" content=\"Noticias\" \/>\n<meta property=\"og:url\" content=\"https:\/\/rqrgastrobar.es\/en\/blog\/\" \/>\n<meta property=\"og:site_name\" content=\"RQR Gastrobar | La Barra del Erre | Ibi\" \/>\n<meta property=\"article:publisher\" content=\"https:\/\/www.facebook.com\/rqrgastrobar\/\" \/>\n<meta property=\"article:modified_time\" content=\"2024-09-04T07:45:05+00:00\" \/>\n<meta name=\"twitter:card\" content=\"summary_large_image\" \/>\n<meta name=\"twitter:label1\" content=\"Est. reading time\" \/>\n\t<meta name=\"twitter:data1\" content=\"5 minutes\" \/>\n<script type=\"application\/ld+json\" class=\"yoast-schema-graph\">{\"@context\":\"https:\/\/schema.org\",\"@graph\":[{\"@type\":\"WebPage\",\"@id\":\"https:\/\/rqrgastrobar.es\/blog\/\",\"url\":\"https:\/\/rqrgastrobar.es\/blog\/\",\"name\":\"Blog - RQR Gastrobar | La Barra del Erre | Ibi\",\"isPartOf\":{\"@id\":\"https:\/\/rqrgastrobar.es\/#website\"},\"datePublished\":\"2023-11-29T11:33:37+00:00\",\"dateModified\":\"2024-09-04T07:45:05+00:00\",\"breadcrumb\":{\"@id\":\"https:\/\/rqrgastrobar.es\/blog\/#breadcrumb\"},\"inLanguage\":\"en-US\",\"potentialAction\":[{\"@type\":\"ReadAction\",\"target\":[\"https:\/\/rqrgastrobar.es\/blog\/\"]}]},{\"@type\":\"BreadcrumbList\",\"@id\":\"https:\/\/rqrgastrobar.es\/blog\/#breadcrumb\",\"itemListElement\":[{\"@type\":\"ListItem\",\"position\":1,\"name\":\"Portada\",\"item\":\"https:\/\/rqrgastrobar.es\/\"},{\"@type\":\"ListItem\",\"position\":2,\"name\":\"Blog\"}]},{\"@type\":\"WebSite\",\"@id\":\"https:\/\/rqrgastrobar.es\/#website\",\"url\":\"https:\/\/rqrgastrobar.es\/\",\"name\":\"RQR Gastrobar | La Barra del Erre | Ibi\",\"description\":\"Restaurante en Ibi con cocina de autor provincial\",\"publisher\":{\"@id\":\"https:\/\/rqrgastrobar.es\/#organization\"},\"alternateName\":\"Erre que Erre Gastrobar\",\"potentialAction\":[{\"@type\":\"SearchAction\",\"target\":{\"@type\":\"EntryPoint\",\"urlTemplate\":\"https:\/\/rqrgastrobar.es\/?s={search_term_string}\"},\"query-input\":\"required name=search_term_string\"}],\"inLanguage\":\"en-US\"},{\"@type\":\"Organization\",\"@id\":\"https:\/\/rqrgastrobar.es\/#organization\",\"name\":\"RQR Gastrobar | La Barra del Erre | Ibi\",\"alternateName\":\"Erre que Erre Gastrobar\",\"url\":\"https:\/\/rqrgastrobar.es\/\",\"logo\":{\"@type\":\"ImageObject\",\"inLanguage\":\"en-US\",\"@id\":\"https:\/\/rqrgastrobar.es\/#\/schema\/logo\/image\/\",\"url\":\"https:\/\/i0.wp.com\/rqrgastrobar.es\/wp-content\/uploads\/2023\/12\/cropped-logotipo.png?fit=664%2C211&ssl=1\",\"contentUrl\":\"https:\/\/i0.wp.com\/rqrgastrobar.es\/wp-content\/uploads\/2023\/12\/cropped-logotipo.png?fit=664%2C211&ssl=1\",\"width\":664,\"height\":211,\"caption\":\"RQR Gastrobar | La Barra del Erre | Ibi\"},\"image\":{\"@id\":\"https:\/\/rqrgastrobar.es\/#\/schema\/logo\/image\/\"},\"sameAs\":[\"https:\/\/www.facebook.com\/rqrgastrobar\/\",\"https:\/\/www.instagram.com\/rqrgastrobar\/\"]}]}<\/script>\n<!-- \/ Yoast SEO plugin. -->","yoast_head_json":{"title":"Blog - RQR Gastrobar | La Barra del Erre | Ibi","robots":{"index":"index","follow":"follow","max-snippet":"max-snippet:-1","max-image-preview":"max-image-preview:large","max-video-preview":"max-video-preview:-1"},"canonical":"https:\/\/rqrgastrobar.es\/en\/blog\/","og_locale":"en_US","og_type":"article","og_title":"Blog - RQR Gastrobar | La Barra del Erre | Ibi","og_description":"Noticias","og_url":"https:\/\/rqrgastrobar.es\/en\/blog\/","og_site_name":"RQR Gastrobar | La Barra del Erre | Ibi","article_publisher":"https:\/\/www.facebook.com\/rqrgastrobar\/","article_modified_time":"2024-09-04T07:45:05+00:00","twitter_card":"summary_large_image","twitter_misc":{"Est. reading time":"5 minutes"},"schema":{"@context":"https:\/\/schema.org","@graph":[{"@type":"WebPage","@id":"https:\/\/rqrgastrobar.es\/blog\/","url":"https:\/\/rqrgastrobar.es\/blog\/","name":"Blog - RQR Gastrobar | La Barra del Erre | Ibi","isPartOf":{"@id":"https:\/\/rqrgastrobar.es\/#website"},"datePublished":"2023-11-29T11:33:37+00:00","dateModified":"2024-09-04T07:45:05+00:00","breadcrumb":{"@id":"https:\/\/rqrgastrobar.es\/blog\/#breadcrumb"},"inLanguage":"en-US","potentialAction":[{"@type":"ReadAction","target":["https:\/\/rqrgastrobar.es\/blog\/"]}]},{"@type":"BreadcrumbList","@id":"https:\/\/rqrgastrobar.es\/blog\/#breadcrumb","itemListElement":[{"@type":"ListItem","position":1,"name":"Portada","item":"https:\/\/rqrgastrobar.es\/"},{"@type":"ListItem","position":2,"name":"Blog"}]},{"@type":"WebSite","@id":"https:\/\/rqrgastrobar.es\/#website","url":"https:\/\/rqrgastrobar.es\/","name":"RQR Gastrobar | La Barra del Erre | Ibi","description":"Restaurante en Ibi con cocina de autor provincial","publisher":{"@id":"https:\/\/rqrgastrobar.es\/#organization"},"alternateName":"Erre que Erre Gastrobar","potentialAction":[{"@type":"SearchAction","target":{"@type":"EntryPoint","urlTemplate":"https:\/\/rqrgastrobar.es\/?s={search_term_string}"},"query-input":"required name=search_term_string"}],"inLanguage":"en-US"},{"@type":"Organization","@id":"https:\/\/rqrgastrobar.es\/#organization","name":"RQR Gastrobar | La Barra del Erre | Ibi","alternateName":"Erre que Erre Gastrobar","url":"https:\/\/rqrgastrobar.es\/","logo":{"@type":"ImageObject","inLanguage":"en-US","@id":"https:\/\/rqrgastrobar.es\/#\/schema\/logo\/image\/","url":"https:\/\/i0.wp.com\/rqrgastrobar.es\/wp-content\/uploads\/2023\/12\/cropped-logotipo.png?fit=664%2C211&ssl=1","contentUrl":"https:\/\/i0.wp.com\/rqrgastrobar.es\/wp-content\/uploads\/2023\/12\/cropped-logotipo.png?fit=664%2C211&ssl=1","width":664,"height":211,"caption":"RQR Gastrobar | La Barra del Erre | Ibi"},"image":{"@id":"https:\/\/rqrgastrobar.es\/#\/schema\/logo\/image\/"},"sameAs":["https:\/\/www.facebook.com\/rqrgastrobar\/","https:\/\/www.instagram.com\/rqrgastrobar\/"]}]}},"_links":{"self":[{"href":"https:\/\/rqrgastrobar.es\/en\/wp-json\/wp\/v2\/pages\/1456"}],"collection":[{"href":"https:\/\/rqrgastrobar.es\/en\/wp-json\/wp\/v2\/pages"}],"about":[{"href":"https:\/\/rqrgastrobar.es\/en\/wp-json\/wp\/v2\/types\/page"}],"author":[{"embeddable":true,"href":"https:\/\/rqrgastrobar.es\/en\/wp-json\/wp\/v2\/users\/1"}],"replies":[{"embeddable":true,"href":"https:\/\/rqrgastrobar.es\/en\/wp-json\/wp\/v2\/comments?post=1456"}],"version-history":[{"count":34,"href":"https:\/\/rqrgastrobar.es\/en\/wp-json\/wp\/v2\/pages\/1456\/revisions"}],"predecessor-version":[{"id":1945,"href":"https:\/\/rqrgastrobar.es\/en\/wp-json\/wp\/v2\/pages\/1456\/revisions\/1945"}],"wp:attachment":[{"href":"https:\/\/rqrgastrobar.es\/en\/wp-json\/wp\/v2\/media?parent=1456"}],"curies":[{"name":"wp","href":"https:\/\/api.w.org\/{rel}","templated":true}]}}